{"id":10437,"date":"2024-11-12T09:57:21","date_gmt":"2024-11-12T08:57:21","guid":{"rendered":"https:\/\/esglesiajove.barcelona\/politica-de-cookies\/"},"modified":"2025-10-31T15:47:16","modified_gmt":"2025-10-31T14:47:16","slug":"politica-de-cookies","status":"publish","type":"page","link":"https:\/\/esglesiajove.barcelona\/es\/politica-de-cookies\/","title":{"rendered":"Pol\u00edtica de Cookies"},"content":{"rendered":"[vc_row type=\u00bbin_container\u00bb full_screen_row_position=\u00bbmiddle\u00bb column_margin=\u00bbdefault\u00bb column_direction=\u00bbdefault\u00bb column_direction_tablet=\u00bbdefault\u00bb column_direction_phone=\u00bbdefault\u00bb scene_position=\u00bbcenter\u00bb text_color=\u00bbdark\u00bb text_align=\u00bbleft\u00bb row_border_radius=\u00bbnone\u00bb row_border_radius_applies=\u00bbbg\u00bb overflow=\u00bbvisible\u00bb overlay_strength=\u00bb0.3&#8243; gradient_direction=\u00bbleft_to_right\u00bb shape_divider_position=\u00bbbottom\u00bb bg_image_animation=\u00bbnone\u00bb][vc_column column_padding=\u00bbno-extra-padding\u00bb column_padding_tablet=\u00bbinherit\u00bb column_padding_phone=\u00bbinherit\u00bb column_padding_position=\u00bball\u00bb column_element_direction_desktop=\u00bbdefault\u00bb column_element_spacing=\u00bbdefault\u00bb desktop_text_alignment=\u00bbdefault\u00bb tablet_text_alignment=\u00bbdefault\u00bb phone_text_alignment=\u00bbdefault\u00bb background_color_opacity=\u00bb1&#8243; background_hover_color_opacity=\u00bb1&#8243; column_backdrop_filter=\u00bbnone\u00bb column_shadow=\u00bbnone\u00bb column_border_radius=\u00bbnone\u00bb column_link_target=\u00bb_self\u00bb column_position=\u00bbdefault\u00bb gradient_direction=\u00bbleft_to_right\u00bb overlay_strength=\u00bb0.3&#8243; width=\u00bb1\/1&#8243; tablet_width_inherit=\u00bbdefault\u00bb animation_type=\u00bbdefault\u00bb bg_image_animation=\u00bbnone\u00bb border_type=\u00bbsimple\u00bb column_border_width=\u00bbnone\u00bb column_border_style=\u00bbsolid\u00bb][vc_column_text css=\u00bb\u00bb text_direction=\u00bbdefault\u00bb]\n<h1>Pol\u00edtica de Cookies<\/h1>\n<p>La navegaci\u00f3n de un usuario por esta web deja como rastro la direcci\u00f3n IP que le ha sido asignada por su proveedor de acceso a Internet. S\u00f3lo se utiliza esta direcci\u00f3n para fines exclusivamente internos, como son las estad\u00edsticas de acceso al Portal.<\/p>\n<p>Para la utilizaci\u00f3n de esta web, es posible que se utilicen cookies. Las cookies que se puedan utilizar asocian \u00fanicamente con el navegador de un ordenador determinado (un usuario an\u00f3nimo), y no proporcionan por s\u00ed mismas ning\u00fan dato personal del usuario.Esta web puede utilizar los siguientes tipos de galletas:<\/p>\n<p>\u2013 Cookies de an\u00e1lisis: permiten cuantificar el n\u00famero de usuarios y as\u00ed realizar la medici\u00f3n y an\u00e1lisis estad\u00edstico de la utilizaci\u00f3n y actividad que hacen los usuarios de nuestra p\u00e1gina web, as\u00ed como elaborar de perfiles de navegaci\u00f3n de los usuarios en estas p\u00e1ginas y en nuestras aplicaciones, todo ello con el fin de introducir mejoras.<\/p>\n<table>\n<tbody>\n<tr>\n<th>Nombre de la cookie<\/th>\n<th>Hora de caducidad por defecto<\/th>\n<th>Descripci\u00f3n<\/th>\n<\/tr>\n<tr>\n<td>__ga<\/td>\n<td>2 a\u00f1os de duraci\u00f3n para distinguir los usuarios<\/td>\n<td>Cookie generada por Google Analyitcs. Google almacena la informaci\u00f3n recogida por la cookie en servidores ubicados en Estados Unidos, cumpliendo con la legislaci\u00f3n europea sobre protecci\u00f3n de datos personales y se compromete a no compartirla con terceros, excepto cuando la ley lo disponga o sea necesario para el funcionamiento del sistema. Google no asocia su direcci\u00f3n IP con ninguna otra informaci\u00f3n que tenga. Para m\u00e1s informaci\u00f3n puede acceder al siguiente enlace: <a href=\"https:\/\/developers.google.com\/analytics\/devguides\/collection\/analyticsjs\/cookie-usage?hl=es&amp;csw=1\" target=\"_blank\" rel=\"noopener\">https:\/\/developers.google.com\/analytics\/devguides\/collection\/analyticsjs\/cookie-usage?hl=es&amp;csw=1<\/a><\/td>\n<\/tr>\n<tr>\n<td>__gat<\/td>\n<td>1 a\u00f1o<\/td>\n<td>Cookie generada por Google Analyitcs. Google almacena la informaci\u00f3n recogida por la cookie en servidores ubicados en Estados Unidos, cumpliendo con la legislaci\u00f3n europea sobre protecci\u00f3n de datos personales y se compromete a no compartirla con terceros, excepto cuando la ley lo disponga o sea necesario para el funcionamiento del sistema. Google no asocia su direcci\u00f3n IP con ninguna otra informaci\u00f3n que tenga. Para m\u00e1s informaci\u00f3n puede acceder al siguiente enlace: <a href=\"https:\/\/developers.google.com\/analytics\/devguides\/collection\/analyticsjs\/cookie-usage?hl=es&amp;csw=1\" target=\"_blank\" rel=\"noopener\">https:\/\/developers.google.com\/analytics\/devguides\/collection\/analyticsjs\/cookie-usage?hl=es&amp;csw=1<\/a><\/td>\n<\/tr>\n<\/tbody>\n<\/table>\n<p>&nbsp;<\/p>\n<p><strong>\u2013 Cookies t\u00e9cnicas:<\/strong> permiten al usuario la navegaci\u00f3n a trav\u00e9s de la p\u00e1gina web y la utilizaci\u00f3n de las diferentes opciones o servicios que en ella existen como, por ejemplo, controlar el tr\u00e1fico y la comunicaci\u00f3n de datos, identificar la sesi\u00f3n, acceder a partes de acceso restringido, recordar los elementos que integran un pedido, realizar el proceso de compra de un pedido, realizar la solicitud de inscripci\u00f3n o participaci\u00f3n en un evento, utilizar elementos de seguridad durante la navegaci\u00f3n o almacenar, difundir y \/ o compartir contenidos.<\/p>\n<table>\n<tbody>\n<tr>\n<th>Cookie<\/th>\n<th>Finalidad de la cookie<\/th>\n<th>Duraci\u00f3n<\/th>\n<\/tr>\n<tr>\n<td>PHPSESSID<\/td>\n<td>Cookie est\u00e1ndar de php para controlar el mantenimiento de la sesi\u00f3n y confirmar, en el caso de prensa, que el usuario ha accedido correctamente<\/td>\n<td>Expira: Fin de la sesi\u00f3n.<\/td>\n<\/tr>\n<tr>\n<td>cc_analytics<\/td>\n<td>Esta cookie guarda la preferencia de consentimiento cookie anal\u00edtica en nuestra web.<\/td>\n<td>2 meses<\/td>\n<\/tr>\n<tr>\n<td>cc_necessary<\/td>\n<td>Esta cookie guarda la preferencia de consentimiento cookie estrictamente necesaria en nuestra web (no se puede modificar)<\/td>\n<td>2 meses<\/td>\n<\/tr>\n<tr>\n<td>cc_social<\/td>\n<td>Recuerda la configuraci\u00f3n de privacidad del usuario para futuras vistas en la web.<\/td>\n<td>2 meses<\/td>\n<\/tr>\n<\/tbody>\n<\/table>\n<p>&nbsp;<\/p>\n<p>El usuario tiene la posibilidad de configurar su navegador para ser avisado en pantalla de la recepci\u00f3n de cookies y para evitar su instalaci\u00f3n en su disco duro. Todos los navegadores permiten hacer cambios con el fin de desactivar la configuraci\u00f3n de las cookies. Estos ajustes se encuentran ubicados en las \u00abopciones\u00bb o \u00abpreferencias\u00bb del men\u00fa de su navegador. A continuaci\u00f3n podr\u00e1 encontrar los links de cada navegador para desactivar las cookies siguiendo las instrucciones:<\/p>\n<p>\u2013 Explorer: <a href=\"http:\/\/windows.microsoft.com\/es-es\/windows7\/how-to-manage-cookies-in-internet-explorer-9\" target=\"_blank\" rel=\"noopener\">http:\/\/windows.microsoft.com\/es-es\/windows7\/how-to-manage-cookies-in-internet-explorer-9<\/a><\/p>\n<p>\u2013 Firefox: <a href=\"http:\/\/goo.gl\/F5pHX\" target=\"_blank\" rel=\"noopener\">http:\/\/goo.gl\/F5pHX<\/a><\/p>\n<p>\u2013 Chrome: <a href=\"http:\/\/support.google.com\/chrome\/bin\/answer.py?hl=es&amp;answer=95647\" target=\"_blank\" rel=\"noopener\">http:\/\/support.google.com\/chrome\/bin\/answer.py?hl=es&amp;answer=95647<\/a><\/p>\n<p>\u2013 Safari: <a href=\"http:\/\/support.apple.com\/kb\/ph5042\" target=\"_blank\" rel=\"noopener\">http:\/\/support.apple.com\/kb\/ph5042<\/a><\/p>\n<p>\u2013 Opera: <a href=\"http:\/\/www.opera.com\/help\/tutorials\/security\/privacy\/\" target=\"_blank\" rel=\"noopener\">http:\/\/www.opera.com\/help\/tutorials\/security\/privacy\/<\/a><\/p>\n<p>Le informamos, sin embargo, que existe la posibilidad de que la desactivaci\u00f3n de alguna galleta impida o dificulte la navegaci\u00f3n o la prestaci\u00f3n de los servicios ofrecidos en esta web.[\/vc_column_text][\/vc_column][\/vc_row]\n","protected":false},"excerpt":{"rendered":"<p>[vc_row type=\u00bbin_container\u00bb full_screen_row_position=\u00bbmiddle\u00bb column_margin=\u00bbdefault\u00bb column_direction=\u00bbdefault\u00bb column_direction_tablet=\u00bbdefault\u00bb column_direction_phone=\u00bbdefault\u00bb scene_position=\u00bbcenter\u00bb text_color=\u00bbdark\u00bb text_align=\u00bbleft\u00bb row_border_radius=\u00bbnone\u00bb row_border_radius_applies=\u00bbbg\u00bb overflow=\u00bbvisible\u00bb overlay_strength=\u00bb0.3&#8243; gradient_direction=\u00bbleft_to_right\u00bb shape_divider_position=\u00bbbottom\u00bb bg_image_animation=\u00bbnone\u00bb][vc_column column_padding=\u00bbno-extra-padding\u00bb column_padding_tablet=\u00bbinherit\u00bb column_padding_phone=\u00bbinherit\u00bb column_padding_position=\u00bball\u00bb column_element_direction_desktop=\u00bbdefault\u00bb column_element_spacing=\u00bbdefault\u00bb desktop_text_alignment=\u00bbdefault\u00bb tablet_text_alignment=\u00bbdefault\u00bb phone_text_alignment=\u00bbdefault\u00bb background_color_opacity=\u00bb1&#8243; background_hover_color_opacity=\u00bb1&#8243; column_backdrop_filter=\u00bbnone\u00bb column_shadow=\u00bbnone\u00bb&#8230;<\/p>\n","protected":false},"author":1,"featured_media":0,"parent":0,"menu_order":0,"comment_status":"closed","ping_status":"closed","template":"","meta":{"inline_featured_image":false,"footnotes":""},"class_list":["post-10437","page","type-page","status-publish"],"_links":{"self":[{"href":"https:\/\/esglesiajove.barcelona\/es\/wp-json\/wp\/v2\/pages\/10437","targetHints":{"allow":["GET"]}}],"collection":[{"href":"https:\/\/esglesiajove.barcelona\/es\/wp-json\/wp\/v2\/pages"}],"about":[{"href":"https:\/\/esglesiajove.barcelona\/es\/wp-json\/wp\/v2\/types\/page"}],"author":[{"embeddable":true,"href":"https:\/\/esglesiajove.barcelona\/es\/wp-json\/wp\/v2\/users\/1"}],"replies":[{"embeddable":true,"href":"https:\/\/esglesiajove.barcelona\/es\/wp-json\/wp\/v2\/comments?post=10437"}],"version-history":[{"count":4,"href":"https:\/\/esglesiajove.barcelona\/es\/wp-json\/wp\/v2\/pages\/10437\/revisions"}],"predecessor-version":[{"id":13557,"href":"https:\/\/esglesiajove.barcelona\/es\/wp-json\/wp\/v2\/pages\/10437\/revisions\/13557"}],"wp:attachment":[{"href":"https:\/\/esglesiajove.barcelona\/es\/wp-json\/wp\/v2\/media?parent=10437"}],"curies":[{"name":"wp","href":"https:\/\/api.w.org\/{rel}","templated":true}]}}