{"id":15559,"date":"2026-04-16T17:25:40","date_gmt":"2026-04-16T15:25:40","guid":{"rendered":"https:\/\/esglesiajove.barcelona\/adsum-18-de-mayo-2026\/"},"modified":"2026-04-30T17:52:05","modified_gmt":"2026-04-30T15:52:05","slug":"adsum-18-de-mayo-2026","status":"publish","type":"page","link":"https:\/\/esglesiajove.barcelona\/es\/adsum-18-de-mayo-2026\/","title":{"rendered":"ADSUM 18 de mayo 2026"},"content":{"rendered":"[vc_row type=\u00bbin_container\u00bb full_screen_row_position=\u00bbmiddle\u00bb column_margin=\u00bbdefault\u00bb column_direction=\u00bbdefault\u00bb column_direction_tablet=\u00bbdefault\u00bb column_direction_phone=\u00bbdefault\u00bb scene_position=\u00bbcenter\u00bb text_color=\u00bbdark\u00bb text_align=\u00bbleft\u00bb row_border_radius=\u00bbnone\u00bb row_border_radius_applies=\u00bbbg\u00bb overflow=\u00bbvisible\u00bb overlay_strength=\u00bb0.3&#8243; gradient_direction=\u00bbleft_to_right\u00bb shape_divider_position=\u00bbbottom\u00bb bg_image_animation=\u00bbnone\u00bb][vc_column column_padding=\u00bbno-extra-padding\u00bb column_padding_tablet=\u00bbinherit\u00bb column_padding_phone=\u00bbinherit\u00bb column_padding_position=\u00bball\u00bb column_element_direction_desktop=\u00bbdefault\u00bb column_element_spacing=\u00bbdefault\u00bb desktop_text_alignment=\u00bbdefault\u00bb tablet_text_alignment=\u00bbdefault\u00bb phone_text_alignment=\u00bbdefault\u00bb background_color_opacity=\u00bb1&#8243; background_hover_color_opacity=\u00bb1&#8243; column_backdrop_filter=\u00bbnone\u00bb column_shadow=\u00bbnone\u00bb column_border_radius=\u00bbnone\u00bb column_link_target=\u00bb_self\u00bb column_position=\u00bbdefault\u00bb gradient_direction=\u00bbleft_to_right\u00bb overlay_strength=\u00bb0.3&#8243; width=\u00bb1\/1&#8243; tablet_width_inherit=\u00bbdefault\u00bb animation_type=\u00bbdefault\u00bb bg_image_animation=\u00bbnone\u00bb border_type=\u00bbsimple\u00bb column_border_width=\u00bbnone\u00bb column_border_style=\u00bbsolid\u00bb]<script type=\"text\/javascript\">\n\/* <![CDATA[ *\/\nvar gform;gform||(document.addEventListener(\"gform_main_scripts_loaded\",function(){gform.scriptsLoaded=!0}),document.addEventListener(\"gform\/theme\/scripts_loaded\",function(){gform.themeScriptsLoaded=!0}),window.addEventListener(\"DOMContentLoaded\",function(){gform.domLoaded=!0}),gform={domLoaded:!1,scriptsLoaded:!1,themeScriptsLoaded:!1,isFormEditor:()=>\"function\"==typeof InitializeEditor,callIfLoaded:function(o){return!(!gform.domLoaded||!gform.scriptsLoaded||!gform.themeScriptsLoaded&&!gform.isFormEditor()||(gform.isFormEditor()&&console.warn(\"The use of gform.initializeOnLoaded() is deprecated in the form editor context and will be removed in Gravity Forms 3.1.\"),o(),0))},initializeOnLoaded:function(o){gform.callIfLoaded(o)||(document.addEventListener(\"gform_main_scripts_loaded\",()=>{gform.scriptsLoaded=!0,gform.callIfLoaded(o)}),document.addEventListener(\"gform\/theme\/scripts_loaded\",()=>{gform.themeScriptsLoaded=!0,gform.callIfLoaded(o)}),window.addEventListener(\"DOMContentLoaded\",()=>{gform.domLoaded=!0,gform.callIfLoaded(o)}))},hooks:{action:{},filter:{}},addAction:function(o,r,e,t){gform.addHook(\"action\",o,r,e,t)},addFilter:function(o,r,e,t){gform.addHook(\"filter\",o,r,e,t)},doAction:function(o){gform.doHook(\"action\",o,arguments)},applyFilters:function(o){return gform.doHook(\"filter\",o,arguments)},removeAction:function(o,r){gform.removeHook(\"action\",o,r)},removeFilter:function(o,r,e){gform.removeHook(\"filter\",o,r,e)},addHook:function(o,r,e,t,n){null==gform.hooks[o][r]&&(gform.hooks[o][r]=[]);var d=gform.hooks[o][r];null==n&&(n=r+\"_\"+d.length),gform.hooks[o][r].push({tag:n,callable:e,priority:t=null==t?10:t})},doHook:function(r,o,e){var t;if(e=Array.prototype.slice.call(e,1),null!=gform.hooks[r][o]&&((o=gform.hooks[r][o]).sort(function(o,r){return o.priority-r.priority}),o.forEach(function(o){\"function\"!=typeof(t=o.callable)&&(t=window[t]),\"action\"==r?t.apply(null,e):e[0]=t.apply(null,e)})),\"filter\"==r)return e[0]},removeHook:function(o,r,t,n){var e;null!=gform.hooks[o][r]&&(e=(e=gform.hooks[o][r]).filter(function(o,r,e){return!!(null!=n&&n!=o.tag||null!=t&&t!=o.priority)}),gform.hooks[o][r]=e)}});\n\/* ]]> *\/\n<\/script>\n\n                <div class='gf_browser_gecko gform_wrapper gravity-theme gform-theme--no-framework' data-form-theme='gravity-theme' data-form-index='0' id='gform_wrapper_43' >\n                        <div class='gform_heading'>\n                            <h2 class=\"gform_title\">ADSUM 18 de mayo 2026<\/h2>\n                            <p class='gform_description'>Bienvenidos a la reuni\u00f3n con el cardenal el d\u00eda 18 de mayo, donde os daremos a conocer el proyecto de misi\u00f3n de ADSUM.<\/p>\n                        <\/div><form method='post' enctype='multipart\/form-data'  id='gform_43'  action='\/es\/wp-json\/wp\/v2\/pages\/15559' data-formid='43' novalidate><div class='gf_invisible ginput_recaptchav3' data-sitekey='6LeRAXksAAAAAKCoBqMMoVX1Q61-soi6N1_FLLhR' data-tabindex='0'><input id=\"input_4935e627f186af4e260a673da96e989f\" class=\"gfield_recaptcha_response\" type=\"hidden\" name=\"input_4935e627f186af4e260a673da96e989f\" value=\"\"\/><\/div>\n                        <div class='gform-body gform_body'><div id='gform_fields_43' class='gform_fields top_label form_sublabel_above description_below validation_below'><fieldset id=\"field_43_1\" class=\"gfield gfield--type-name gfield--input-type-name gfield_contains_required field_sublabel_above gfield--no-description field_description_below field_validation_below gfield_visibility_visible\"  ><legend class='gfield_label gform-field-label gfield_label_before_complex' >Datos personales<span class=\"gfield_required\"><span class=\"gfield_required gfield_required_text\">(Obligatorio)<\/span><\/span><\/legend><div class='ginput_complex ginput_container ginput_container--name no_prefix has_first_name no_middle_name has_last_name no_suffix gf_name_has_2 ginput_container_name gform-grid-row' id='input_43_1'>\n                            \n                            <span id='input_43_1_3_container' class='name_first gform-grid-col gform-grid-col--size-auto' >\n                                                    <label for='input_43_1_3' class='gform-field-label gform-field-label--type-sub '>Nombre<\/label>\n                                                    <input type='text' name='input_1.3' id='input_43_1_3' value=''   aria-required='true'    autocomplete=\"given-name\" \/>\n                                                <\/span>\n                            \n                            <span id='input_43_1_6_container' class='name_last gform-grid-col gform-grid-col--size-auto' >\n                                                            <label for='input_43_1_6' class='gform-field-label gform-field-label--type-sub '>Apellidos<\/label>\n                                                            <input type='text' name='input_1.6' id='input_43_1_6' value=''   aria-required='true'    autocomplete=\"family-name\" \/>\n                                                        <\/span>\n                            \n                        <\/div><\/fieldset><div id=\"field_43_2\" class=\"gfield gfield--type-email gfield--input-type-email gfield--width-half gfield_contains_required field_sublabel_above gfield--no-description field_description_below field_validation_below gfield_visibility_visible\"  ><label class='gfield_label gform-field-label' for='input_43_2'>Correo electr\u00f3nico<span class=\"gfield_required\"><span class=\"gfield_required gfield_required_text\">(Obligatorio)<\/span><\/span><\/label><div class='ginput_container ginput_container_email'>\n                            <input name='input_2' id='input_43_2' type='email' value='' class='medium'    aria-required=\"true\" aria-invalid=\"false\"  autocomplete=\"email\"\/>\n                        <\/div><\/div><div id=\"field_43_25\" class=\"gfield gfield--type-date gfield--input-type-date gfield--input-type-datepicker gfield--datepicker-no-icon gfield--width-half gfield_contains_required field_sublabel_above gfield--no-description field_description_below field_validation_below gfield_visibility_visible\"  ><label class='gfield_label gform-field-label' for='input_43_25'>Fecha de nacimiento<span class=\"gfield_required\"><span class=\"gfield_required gfield_required_text\">(Obligatorio)<\/span><\/span><\/label><div class='ginput_container ginput_container_date'>\n                            <input name='input_25' id='input_43_25' type='text' value='' class='datepicker gform-datepicker mdy datepicker_no_icon gdatepicker-no-icon'   placeholder='mm\/dd\/aaaa' aria-describedby=\"input_43_25_date_format\" aria-invalid=\"false\" aria-required=\"true\"\/>\n                            <span id='input_43_25_date_format' class='screen-reader-text'>MM barra DD barra AAAA<\/span>\n                        <\/div>\n                        <input type='hidden' id='gforms_calendar_icon_input_43_25' class='gform_hidden' value='https:\/\/esglesiajove.barcelona\/wp-content\/plugins\/gravityforms\/images\/datepicker\/datepicker.svg'\/><\/div><div id=\"field_43_27\" class=\"gfield gfield--type-text gfield--input-type-text gfield--width-half gfield_contains_required field_sublabel_above gfield--no-description field_description_below field_validation_below gfield_visibility_visible\"  ><label class='gfield_label gform-field-label' for='input_43_27'>Grupo\/Parroquia\/Movimiento<span class=\"gfield_required\"><span class=\"gfield_required gfield_required_text\">(Obligatorio)<\/span><\/span><\/label><div class='ginput_container ginput_container_text'><input name='input_27' id='input_43_27' type='text' value='' class='large'     aria-required=\"true\" aria-invalid=\"false\"   \/><\/div><\/div><div id=\"field_43_21\" class=\"gfield gfield--type-text gfield--input-type-text gfield--width-half gfield_contains_required field_sublabel_above gfield--no-description field_description_below field_validation_below gfield_visibility_visible\"  ><label class='gfield_label gform-field-label' for='input_43_21'>Tel\u00e9fono m\u00f3vil<span class=\"gfield_required\"><span class=\"gfield_required gfield_required_text\">(Obligatorio)<\/span><\/span><\/label><div class='ginput_container ginput_container_text'><input name='input_21' id='input_43_21' type='text' value='' class='large'     aria-required=\"true\" aria-invalid=\"false\"   \/><\/div><\/div><fieldset id=\"field_43_29\" class=\"gfield gfield--type-radio gfield--type-choice gfield--input-type-radio gfield--width-half gfield_contains_required field_sublabel_above gfield--no-description field_description_below field_validation_below gfield_visibility_visible\"  ><legend class='gfield_label gform-field-label' >\u00bfHab\u00edas o\u00eddo hablar de ADSUM?<span class=\"gfield_required\"><span class=\"gfield_required gfield_required_text\">(Obligatorio)<\/span><\/span><\/legend><div class='ginput_container ginput_container_radio'><div class='gfield_radio' id='input_43_29'>\n\t\t\t<div class='gchoice gchoice_43_29_0'>\n\t\t\t\t\t<input class='gfield-choice-input' name='input_29' type='radio' value='SI'  id='choice_43_29_0' onchange='gformToggleRadioOther( this )'    \/>\n\t\t\t\t\t<label for='choice_43_29_0' id='label_43_29_0' class='gform-field-label gform-field-label--type-inline'>SI<\/label>\n\t\t\t<\/div>\n\t\t\t<div class='gchoice gchoice_43_29_1'>\n\t\t\t\t\t<input class='gfield-choice-input' name='input_29' type='radio' value='NO'  id='choice_43_29_1' onchange='gformToggleRadioOther( this )'    \/>\n\t\t\t\t\t<label for='choice_43_29_1' id='label_43_29_1' class='gform-field-label gform-field-label--type-inline'>NO<\/label>\n\t\t\t<\/div><\/div><\/div><\/fieldset><fieldset id=\"field_43_34\" class=\"gfield gfield--type-multi_choice gfield--type-choice gfield--input-type-checkbox gfield--width-half field_sublabel_above gfield--no-description field_description_below field_validation_below gfield_visibility_visible gfield--choice-align-vertical\"  ><legend class='gfield_label gform-field-label gfield_label_before_complex' >Si has o\u00eddo hablar de ello, \u00bfa trav\u00e9s de qu\u00e9 medio?<\/legend><div class='ginput_container ginput_container_checkbox'><div class='gfield_checkbox ' id='input_43_34'><div class='gchoice gchoice_43_34_1'>\n\t\t\t\t\t\t\t\t<input class='gfield-choice-input' name='input_34.1' type='checkbox'  value='RRSS'  id='choice_43_34_1'   \/>\n\t\t\t\t\t\t\t\t<label for='choice_43_34_1' id='label_43_34_1' class='gform-field-label gform-field-label--type-inline'>RRSS<\/label>\n\t\t\t\t\t\t\t<\/div><div class='gchoice gchoice_43_34_2'>\n\t\t\t\t\t\t\t\t<input class='gfield-choice-input' name='input_34.2' type='checkbox'  value='Parroquia'  id='choice_43_34_2'   \/>\n\t\t\t\t\t\t\t\t<label for='choice_43_34_2' id='label_43_34_2' class='gform-field-label gform-field-label--type-inline'>Parroquia<\/label>\n\t\t\t\t\t\t\t<\/div><div class='gchoice gchoice_43_34_3'>\n\t\t\t\t\t\t\t\t<input class='gfield-choice-input' name='input_34.3' type='checkbox'  value='Un amigo'  id='choice_43_34_3'   \/>\n\t\t\t\t\t\t\t\t<label for='choice_43_34_3' id='label_43_34_3' class='gform-field-label gform-field-label--type-inline'>Un amigo<\/label>\n\t\t\t\t\t\t\t<\/div><div class='gchoice gchoice_43_34_4'>\n\t\t\t\t\t\t\t\t<input class='gfield-choice-input' name='input_34.4' type='checkbox'  value='Un sacerdote'  id='choice_43_34_4'   \/>\n\t\t\t\t\t\t\t\t<label for='choice_43_34_4' id='label_43_34_4' class='gform-field-label gform-field-label--type-inline'>Un sacerdote<\/label>\n\t\t\t\t\t\t\t<\/div><div class='gchoice gchoice_43_34_5'>\n\t\t\t\t\t\t\t\t<input class='gfield-choice-input' name='input_34.5' type='checkbox'  value='Altra'  id='choice_43_34_5'   \/>\n\t\t\t\t\t\t\t\t<label for='choice_43_34_5' id='label_43_34_5' class='gform-field-label gform-field-label--type-inline'>Otro<\/label>\n\t\t\t\t\t\t\t<\/div><\/div><\/div><\/fieldset><div id=\"field_43_24\" class=\"gfield gfield--type-text gfield--input-type-text gfield--width-full gfield_contains_required field_sublabel_above gfield--no-description field_description_below field_validation_below gfield_visibility_visible\"  ><label class='gfield_label gform-field-label' for='input_43_24'>\u00bfTienes alguna alergia?<span class=\"gfield_required\"><span class=\"gfield_required gfield_required_text\">(Obligatorio)<\/span><\/span><\/label><div class='ginput_container ginput_container_text'><input name='input_24' id='input_43_24' type='text' value='' class='large'     aria-required=\"true\" aria-invalid=\"false\"   \/><\/div><\/div><div id=\"field_43_28\" class=\"gfield gfield--type-text gfield--input-type-text gfield--width-full gfield_contains_required field_sublabel_above gfield--no-description field_description_below field_validation_below gfield_visibility_visible\"  ><label class='gfield_label gform-field-label' for='input_43_28'>Comentarios<span class=\"gfield_required\"><span class=\"gfield_required gfield_required_text\">(Obligatorio)<\/span><\/span><\/label><div class='ginput_container ginput_container_text'><input name='input_28' id='input_43_28' type='text' value='' class='large'     aria-required=\"true\" aria-invalid=\"false\"   \/><\/div><\/div><div id=\"field_43_26\" class=\"gfield gfield--type-text gfield--input-type-text gfield--width-full field_sublabel_above gfield--no-description field_description_below field_validation_below gfield_visibility_hidden\"  ><div class=\"admin-hidden-markup\"><i class=\"gform-icon gform-icon--hidden\" aria-hidden=\"true\" title=\"Este campo est\u00e1 oculto cuando se visualiza el formulario\"><\/i><span>Este campo est\u00e1 oculto cuando se visualiza el formulario<\/span><\/div><label class='gfield_label gform-field-label' for='input_43_26'>idioma<\/label><div class='ginput_container ginput_container_text'><input name='input_26' id='input_43_26' type='text' value='[icl_language_code]' class='large'      aria-invalid=\"false\"   \/><\/div><\/div><fieldset id=\"field_43_22\" class=\"gfield gfield--type-consent gfield--type-choice gfield--input-type-consent field_sublabel_above gfield--has-description field_description_below field_validation_below gfield_visibility_visible\"  ><legend class='gfield_label gform-field-label gfield_label_before_complex' >T\u00e9rminos y condiciones<\/legend><div class='ginput_container ginput_container_consent'><input name='input_22.1' id='input_43_22_1' type='checkbox' value='1'  aria-describedby=\"gfield_consent_description_43_22\"  aria-invalid=\"false\"   \/> <label class=\"gform-field-label gform-field-label--type-inline gfield_consent_label\" for='input_43_22_1' >Acepto la <a href=\"https:\/\/esglesiajove.barcelona\/es\/politica-de-privacidad-2\/\" target=\"_blank\">Pol\u00edtica de Privacidad<\/a><\/label><input type='hidden' name='input_22.2' value='Acepto la &lt;a href=&quot;https:\/\/esglesiajove.barcelona\/es\/politica-de-privacidad-2\/&quot; target=&quot;_blank&quot;&gt;Pol\u00edtica de Privacidad&lt;\/a&gt;' class='gform_hidden' \/><input type='hidden' name='input_22.3' value='56' class='gform_hidden' \/><\/div><div class='gfield_description gfield_consent_description' id='gfield_consent_description_43_22' tabindex='0'>** Es obligatorio leer el consentimiento\/pol\u00edtica<br \/>\n<\/div><\/fieldset><\/div><\/div>\n        <div class='gform-footer gform_footer top_label'> <input type='submit' id='gform_submit_button_43' class='gform_button button' onclick='gform.submission.handleButtonClick(this);' data-submission-type='submit' value='Env\u00eda'  \/> \n            <input type='hidden' class='gform_hidden' name='gform_submission_method' data-js='gform_submission_method_43' value='postback' \/>\n            <input type='hidden' class='gform_hidden' name='gform_theme' data-js='gform_theme_43' id='gform_theme_43' value='gravity-theme' \/>\n            <input type='hidden' class='gform_hidden' name='gform_style_settings' data-js='gform_style_settings_43' id='gform_style_settings_43' value='[]' \/>\n            <input type='hidden' class='gform_hidden' name='is_submit_43' value='1' \/>\n            <input type='hidden' class='gform_hidden' name='gform_submit' value='43' \/>\n            \n            <input type='hidden' class='gform_hidden' name='gform_currency' data-currency='EUR' value='8zjdXrm8zUYwfyaJIMtZtiDgM2oDkSiK9sZBV7QdlzUCHZu2\/pt3WKwJXb09nH7s7KEIUXl9vqC3UqejrEAZfxqWr+uu0brVGioqlqJob+ATUKI=' \/>\n            <input type='hidden' class='gform_hidden' name='gform_unique_id' value='' \/>\n            <input type='hidden' class='gform_hidden' name='state_43' value='WyJ7XCIyOVwiOltcImUyM2Y4ZWRmYWRlODQ0NDdjNzRmZGM1ODk3MjM1YzIyXCIsXCI5NWZlOGQ5MjU2MjBjYzQyMDFhNmE2NjNmYjY3NzU4MFwiXSxcIjM0LjFcIjpcImZkYTMyMjEwNjExZDlkNzE4MWRhNmYyZjYyMDQ0NTRlXCIsXCIzNC4yXCI6XCIxZTYzMjcxMTJlNWE0N2Y3ZGQzZGY0MGM3NjI5OWJmZVwiLFwiMzQuM1wiOlwiNGE2NDY1NTZjMjBiNTBkMTBhZmMxNzkzYzI2Y2Q3MTRcIixcIjM0LjRcIjpcIjAxYmNmZGVjMjU0MzIzNWM2ZGI4ZGIzMWE5NzA4ZWY0XCIsXCIzNC41XCI6XCJhNGRlMzQwODQ0ZGJjM2RhNzQ2NmI4YTIwNjFmMmJjNFwiLFwiMjIuMVwiOlwiNzI4YmJjMzVmYmU3NGNjMmJiM2U1MWNlOWM5MDgwYmFcIixcIjIyLjJcIjpcIjg0NzMwMThlN2U0M2UyMjA5ZGQxOWQwZDdiNzBkZmFkXCIsXCIyMi4zXCI6XCI0OTdmZjg5NDJhNTM0NDhmNDEzNzAyNTNkMjc0YTkxNlwifSIsIjNhYjc0NTEzNTYwMDI5NjY5YWNiZTE0ZDdjOTM5ZjFiIl0=' \/>\n            <input type='hidden' autocomplete='off' class='gform_hidden' name='gform_target_page_number_43' id='gform_target_page_number_43' value='0' \/>\n            <input type='hidden' autocomplete='off' class='gform_hidden' name='gform_source_page_number_43' id='gform_source_page_number_43' value='1' \/>\n            <input type='hidden' name='gform_field_values' value='' \/>\n            \n        <\/div>\n                        <\/form>\n                        <\/div><script type=\"text\/javascript\">\n\/* <![CDATA[ *\/\n gform.initializeOnLoaded( function() {gformInitSpinner( 43, 'https:\/\/esglesiajove.barcelona\/wp-content\/plugins\/gravityforms\/images\/spinner.svg', true );jQuery('#gform_ajax_frame_43').on('load',function(){var contents = jQuery(this).contents().find('*').html();var is_postback = contents.indexOf('GF_AJAX_POSTBACK') >= 0;if(!is_postback){return;}var form_content = jQuery(this).contents().find('#gform_wrapper_43');var is_confirmation = jQuery(this).contents().find('#gform_confirmation_wrapper_43').length > 0;var is_redirect = contents.indexOf('gformRedirect(){') >= 0;var is_form = form_content.length > 0 && ! is_redirect && ! is_confirmation;var mt = parseInt(jQuery('html').css('margin-top'), 10) + parseInt(jQuery('body').css('margin-top'), 10) + 100;if(is_form){jQuery('#gform_wrapper_43').html(form_content.html());if(form_content.hasClass('gform_validation_error')){jQuery('#gform_wrapper_43').addClass('gform_validation_error');} else {jQuery('#gform_wrapper_43').removeClass('gform_validation_error');}setTimeout( function() { \/* delay the scroll by 50 milliseconds to fix a bug in chrome *\/  }, 50 );if(window['gformInitDatepicker']) {gformInitDatepicker();}if(window['gformInitPriceFields']) {gformInitPriceFields();}var current_page = jQuery('#gform_source_page_number_43').val();gformInitSpinner( 43, 'https:\/\/esglesiajove.barcelona\/wp-content\/plugins\/gravityforms\/images\/spinner.svg', true );jQuery(document).trigger('gform_page_loaded', [43, current_page]);window['gf_submitting_43'] = false;}else if(!is_redirect){var confirmation_content = jQuery(this).contents().find('.GF_AJAX_POSTBACK').html();if(!confirmation_content){confirmation_content = contents;}jQuery('#gform_wrapper_43').replaceWith(confirmation_content);jQuery(document).trigger('gform_confirmation_loaded', [43]);window['gf_submitting_43'] = false;wp.a11y.speak(jQuery('#gform_confirmation_message_43').text());}else{jQuery('#gform_43').append(contents);if(window['gformRedirect']) {gformRedirect();}}jQuery(document).trigger(\"gform_pre_post_render\", [{ formId: \"43\", currentPage: \"current_page\", abort: function() { this.preventDefault(); } }]);        if (event && event.defaultPrevented) {                return;        }        const gformWrapperDiv = document.getElementById( \"gform_wrapper_43\" );        if ( gformWrapperDiv ) {            const visibilitySpan = document.createElement( \"span\" );            visibilitySpan.id = \"gform_visibility_test_43\";            gformWrapperDiv.insertAdjacentElement( \"afterend\", visibilitySpan );        }        const visibilityTestDiv = document.getElementById( \"gform_visibility_test_43\" );        let postRenderFired = false;        function triggerPostRender() {            if ( postRenderFired ) {                return;            }            postRenderFired = true;            gform.core.triggerPostRenderEvents( 43, current_page );            if ( visibilityTestDiv ) {                visibilityTestDiv.parentNode.removeChild( visibilityTestDiv );            }        }        function debounce( func, wait, immediate ) {            var timeout;            return function() {                var context = this, args = arguments;                var later = function() {                    timeout = null;                    if ( !immediate ) func.apply( context, args );                };                var callNow = immediate && !timeout;                clearTimeout( timeout );                timeout = setTimeout( later, wait );                if ( callNow ) func.apply( context, args );            };        }        const debouncedTriggerPostRender = debounce( function() {            triggerPostRender();        }, 200 );        if ( visibilityTestDiv && visibilityTestDiv.offsetParent === null ) {            const observer = new MutationObserver( ( mutations ) => {                mutations.forEach( ( mutation ) => {                    if ( mutation.type === 'attributes' && visibilityTestDiv.offsetParent !== null ) {                        debouncedTriggerPostRender();                        observer.disconnect();                    }                });            });            observer.observe( document.body, {                attributes: true,                childList: false,                subtree: true,                attributeFilter: [ 'style', 'class' ],            });        } else {            triggerPostRender();        }    } );} ); \n\/* ]]> *\/\n<\/script>\n[\/vc_column][\/vc_row]\n","protected":false},"excerpt":{"rendered":"<p>[vc_row type=\u00bbin_container\u00bb full_screen_row_position=\u00bbmiddle\u00bb column_margin=\u00bbdefault\u00bb column_direction=\u00bbdefault\u00bb column_direction_tablet=\u00bbdefault\u00bb column_direction_phone=\u00bbdefault\u00bb scene_position=\u00bbcenter\u00bb text_color=\u00bbdark\u00bb text_align=\u00bbleft\u00bb row_border_radius=\u00bbnone\u00bb row_border_radius_applies=\u00bbbg\u00bb overflow=\u00bbvisible\u00bb overlay_strength=\u00bb0.3&#8243; gradient_direction=\u00bbleft_to_right\u00bb shape_divider_position=\u00bbbottom\u00bb bg_image_animation=\u00bbnone\u00bb][vc_column column_padding=\u00bbno-extra-padding\u00bb column_padding_tablet=\u00bbinherit\u00bb column_padding_phone=\u00bbinherit\u00bb column_padding_position=\u00bball\u00bb column_element_direction_desktop=\u00bbdefault\u00bb column_element_spacing=\u00bbdefault\u00bb desktop_text_alignment=\u00bbdefault\u00bb tablet_text_alignment=\u00bbdefault\u00bb phone_text_alignment=\u00bbdefault\u00bb background_color_opacity=\u00bb1&#8243; background_hover_color_opacity=\u00bb1&#8243; column_backdrop_filter=\u00bbnone\u00bb column_shadow=\u00bbnone\u00bb&#8230;<\/p>\n","protected":false},"author":2,"featured_media":0,"parent":0,"menu_order":0,"comment_status":"closed","ping_status":"closed","template":"","meta":{"inline_featured_image":false,"footnotes":""},"class_list":["post-15559","page","type-page","status-publish"],"_links":{"self":[{"href":"https:\/\/esglesiajove.barcelona\/es\/wp-json\/wp\/v2\/pages\/15559","targetHints":{"allow":["GET"]}}],"collection":[{"href":"https:\/\/esglesiajove.barcelona\/es\/wp-json\/wp\/v2\/pages"}],"about":[{"href":"https:\/\/esglesiajove.barcelona\/es\/wp-json\/wp\/v2\/types\/page"}],"author":[{"embeddable":true,"href":"https:\/\/esglesiajove.barcelona\/es\/wp-json\/wp\/v2\/users\/2"}],"replies":[{"embeddable":true,"href":"https:\/\/esglesiajove.barcelona\/es\/wp-json\/wp\/v2\/comments?post=15559"}],"version-history":[{"count":1,"href":"https:\/\/esglesiajove.barcelona\/es\/wp-json\/wp\/v2\/pages\/15559\/revisions"}],"predecessor-version":[{"id":15560,"href":"https:\/\/esglesiajove.barcelona\/es\/wp-json\/wp\/v2\/pages\/15559\/revisions\/15560"}],"wp:attachment":[{"href":"https:\/\/esglesiajove.barcelona\/es\/wp-json\/wp\/v2\/media?parent=15559"}],"curies":[{"name":"wp","href":"https:\/\/api.w.org\/{rel}","templated":true}]}}